{"id":99,"date":"2025-11-12T10:33:16","date_gmt":"2025-11-12T10:33:16","guid":{"rendered":"https:\/\/vlpectn.com\/?page_id=99"},"modified":"2025-11-12T11:05:12","modified_gmt":"2025-11-12T11:05:12","slug":"register","status":"publish","type":"page","link":"https:\/\/vlpectn.com\/fr\/register\/","title":{"rendered":"Registre"},"content":{"rendered":"<div data-elementor-type=\"wp-page\" data-elementor-id=\"99\" class=\"elementor elementor-99\" data-elementor-post-type=\"page\">\n\t\t\t\t<div class=\"elementor-element elementor-element-dd3e537 e-flex e-con-boxed e-con e-parent\" data-id=\"dd3e537\" data-element_type=\"container\" data-e-type=\"container\" data-settings=\"{&quot;background_background&quot;:&quot;classic&quot;}\">\n\t\t\t\t\t<div class=\"e-con-inner\">\n\t\t\t\t<div class=\"elementor-element elementor-element-e9bb4e5 elementor-widget elementor-widget-heading\" data-id=\"e9bb4e5\" data-element_type=\"widget\" data-e-type=\"widget\" data-widget_type=\"heading.default\">\n\t\t\t\t\t<h1 class=\"elementor-heading-title elementor-size-default\">Inscrivez-vous d\u00e8s maintenant \u00e0 ECTN<\/h1>\t\t\t\t<\/div>\n\t\t\t\t\t<\/div>\n\t\t\t\t<\/div>\n\t\t<div class=\"elementor-element elementor-element-6d9fc5c e-flex e-con-boxed e-con e-parent\" data-id=\"6d9fc5c\" data-element_type=\"container\" data-e-type=\"container\" data-settings=\"{&quot;background_background&quot;:&quot;classic&quot;}\">\n\t\t\t\t\t<div class=\"e-con-inner\">\n\t\t\t\t<div class=\"elementor-element elementor-element-786264c formss elementor-widget elementor-widget-text-editor\" data-id=\"786264c\" data-element_type=\"widget\" data-e-type=\"widget\" data-widget_type=\"text-editor.default\">\n\t\t\t\t\t\t\t\t\t<h4>Les clients int\u00e9ress\u00e9s par les services ECTN sont invit\u00e9s \u00e0 s'inscrire en remplissant le formulaire d'inscription ci-dessous et en acceptant les conditions g\u00e9n\u00e9rales.<\/h4><p><strong>Tous les champs marqu\u00e9s d'un ast\u00e9risque (*) sont obligatoires.<\/strong><br \/>\n<div class=\"wpcf7 no-js\" id=\"wpcf7-f121-o1\" lang=\"en-US\" dir=\"ltr\" data-wpcf7-id=\"121\">\n<div class=\"screen-reader-response\"><p role=\"status\" aria-live=\"polite\" aria-atomic=\"true\"><\/p> <ul><\/ul><\/div>\n<form action=\"\/fr\/wp-json\/wp\/v2\/pages\/99#wpcf7-f121-o1\" method=\"post\" class=\"wpcf7-form init\" aria-label=\"Contact form\" novalidate=\"novalidate\" data-status=\"init\" data-trp-original-action=\"\/fr\/wp-json\/wp\/v2\/pages\/99#wpcf7-f121-o1\">\n<fieldset class=\"hidden-fields-container\"><input type=\"hidden\" name=\"_wpcf7\" value=\"121\" \/><input type=\"hidden\" name=\"_wpcf7_version\" value=\"6.1.3\" \/><input type=\"hidden\" name=\"_wpcf7_locale\" value=\"en_US\" \/><input type=\"hidden\" name=\"_wpcf7_unit_tag\" value=\"wpcf7-f121-o1\" \/><input type=\"hidden\" name=\"_wpcf7_container_post\" value=\"0\" \/><input type=\"hidden\" name=\"_wpcf7_posted_data_hash\" value=\"\" \/>\n<\/fieldset>\n\n<!-- CF7MSM -->\n<div style='display:none;'><input type=\"hidden\" name=\"_cf7msm_multistep_tag\" class=\"wpcf7-form-control wpcf7-multistep cf7msm-multistep\" value=\"{&quot;first_step&quot;:1,&quot;skip_save&quot;:1,&quot;next_url&quot;:&quot;https:\/\/vlpectn.com\/register2\/&quot;}\" \/><input type=\"hidden\" name=\"cf7msm-no-ss\" value=\"\" \/>\n<\/div>\n<!-- End CF7MSM -->\n\n<div class=\"custom-form-wrapper two-column-form\">\n\t<div class=\"form-grid\">\n\t\t<div class=\"form-field\">\n\t\t\t<p><label>Nom de l'entreprise *<\/label><br \/>\n<span class=\"wpcf7-form-control-wrap\" data-name=\"company-name\"><input size=\"40\" maxlength=\"400\" class=\"wpcf7-form-control wpcf7-text wpcf7-validates-as-required input-field\" aria-required=\"true\" aria-invalid=\"false\" value=\"\" type=\"text\" name=\"company-name\" \/><\/span>\n\t\t\t<\/p>\n\t\t<\/div>\n\t\t<div class=\"form-field\">\n\t\t\t<p><label>Pr\u00e9nom et nom de famille du contact *<\/label><br \/>\n<span class=\"wpcf7-form-control-wrap\" data-name=\"contact-name\"><input size=\"40\" maxlength=\"400\" class=\"wpcf7-form-control wpcf7-text wpcf7-validates-as-required input-field\" aria-required=\"true\" aria-invalid=\"false\" value=\"\" type=\"text\" name=\"contact-name\" \/><\/span>\n\t\t\t<\/p>\n\t\t<\/div>\n\t\t<div class=\"form-field\">\n\t\t\t<p><label>Adresse courriel *<\/label><br \/>\n<span class=\"wpcf7-form-control-wrap\" data-name=\"email\"><input size=\"40\" maxlength=\"400\" class=\"wpcf7-form-control wpcf7-email wpcf7-validates-as-required wpcf7-text wpcf7-validates-as-email input-field\" aria-required=\"true\" aria-invalid=\"false\" value=\"\" type=\"email\" name=\"email\" \/><\/span><br \/>\n<small>Separate multiple emails with ;<\/small>\n\t\t\t<\/p>\n\t\t<\/div>\n\t\t<div class=\"form-field\">\n\t\t\t<p><label>R\u00e9p\u00e9ter l'adresse e-mail *<\/label><br \/>\n<span class=\"wpcf7-form-control-wrap\" data-name=\"email-confirm\"><input size=\"40\" maxlength=\"400\" class=\"wpcf7-form-control wpcf7-email wpcf7-validates-as-required wpcf7-text wpcf7-validates-as-email input-field\" aria-required=\"true\" aria-invalid=\"false\" value=\"\" type=\"email\" name=\"email-confirm\" \/><\/span>\n\t\t\t<\/p>\n\t\t<\/div>\n\t\t<div class=\"form-field\">\n\t\t\t<p><label>Rue *<\/label><br \/>\n<span class=\"wpcf7-form-control-wrap\" data-name=\"street\"><input size=\"40\" maxlength=\"400\" class=\"wpcf7-form-control wpcf7-text wpcf7-validates-as-required input-field\" aria-required=\"true\" aria-invalid=\"false\" value=\"\" type=\"text\" name=\"street\" \/><\/span>\n\t\t\t<\/p>\n\t\t<\/div>\n\t\t<div class=\"form-field numbf\">\n\t\t\t<p><label>Num\u00e9ro et bo\u00eete postale<\/label><br \/>\n<span class=\"wpcf7-form-control-wrap\" data-name=\"number\"><input size=\"40\" maxlength=\"400\" class=\"wpcf7-form-control wpcf7-text input-field\" aria-invalid=\"false\" placeholder=\"Nombre\" value=\"\" type=\"text\" name=\"number\" \/><\/span><span class=\"wpcf7-form-control-wrap\" data-name=\"pobox\"><input size=\"40\" maxlength=\"400\" class=\"wpcf7-form-control wpcf7-text input-field\" aria-invalid=\"false\" placeholder=\"Bo\u00eete postale\" value=\"\" type=\"text\" name=\"pobox\" \/><\/span>\n\t\t\t<\/p>\n\t\t<\/div>\n\t\t<div class=\"form-field full-width\">\n\t\t\t<p><label>Informations compl\u00e9mentaires sur l'adresse<\/label><br \/>\n<span class=\"wpcf7-form-control-wrap\" data-name=\"address-info\"><input size=\"40\" maxlength=\"400\" class=\"wpcf7-form-control wpcf7-text input-field\" aria-invalid=\"false\" value=\"\" type=\"text\" name=\"address-info\" \/><\/span>\n\t\t\t<\/p>\n\t\t<\/div>\n\t\t<div class=\"form-field\">\n\t\t\t<p><label>Code postal *<\/label><br \/>\n<span class=\"wpcf7-form-control-wrap\" data-name=\"zip\"><input size=\"40\" maxlength=\"400\" class=\"wpcf7-form-control wpcf7-text wpcf7-validates-as-required input-field\" aria-required=\"true\" aria-invalid=\"false\" placeholder=\"Code postal\" value=\"\" type=\"text\" name=\"zip\" \/><\/span>\n\t\t\t<\/p>\n\t\t<\/div>\n\t\t<div class=\"form-field\">\n\t\t\t<p><label>Ville *<\/label><br \/>\n<span class=\"wpcf7-form-control-wrap\" data-name=\"city\"><input size=\"40\" maxlength=\"400\" class=\"wpcf7-form-control wpcf7-text wpcf7-validates-as-required input-field\" aria-required=\"true\" aria-invalid=\"false\" placeholder=\"Ville\" value=\"\" type=\"text\" name=\"city\" \/><\/span>\n\t\t\t<\/p>\n\t\t<\/div>\n\t\t<div class=\"form-field\">\n\t\t\t<p><label>Pays *<\/label><br \/>\n<span class=\"wpcf7-form-control-wrap\" data-name=\"country\"><input size=\"40\" maxlength=\"400\" class=\"wpcf7-form-control wpcf7-text wpcf7-validates-as-required input-field\" aria-required=\"true\" aria-invalid=\"false\" value=\"\" type=\"text\" name=\"country\" \/><\/span>\n\t\t\t<\/p>\n\t\t<\/div>\n\t\t<div class=\"form-field\">\n\t\t\t<p><label>Num\u00e9ro de TVA (**)<\/label><br \/>\n<span class=\"wpcf7-form-control-wrap\" data-name=\"vat\"><input size=\"40\" maxlength=\"400\" class=\"wpcf7-form-control wpcf7-text input-field\" aria-invalid=\"false\" value=\"\" type=\"text\" name=\"vat\" \/><\/span><br \/>\n<small>(**) Obligatoire pour les pays de la CEE<\/small>\n\t\t\t<\/p>\n\t\t<\/div>\n\t\t<div class=\"form-field\">\n\t\t\t<p><label>T\u00e9l\u00e9phone *<\/label><br \/>\n<span class=\"wpcf7-form-control-wrap\" data-name=\"phone\"><input size=\"40\" maxlength=\"400\" class=\"wpcf7-form-control wpcf7-tel wpcf7-validates-as-required wpcf7-text wpcf7-validates-as-tel input-field\" aria-required=\"true\" aria-invalid=\"false\" placeholder=\"+44 1 123 45 69\" value=\"\" type=\"tel\" name=\"phone\" \/><\/span>\n\t\t\t<\/p>\n\t\t<\/div>\n\t\t<div class=\"form-field\">\n\t\t\t<p><label>Fax<\/label><br \/>\n<span class=\"wpcf7-form-control-wrap\" data-name=\"fax\"><input size=\"40\" maxlength=\"400\" class=\"wpcf7-form-control wpcf7-tel wpcf7-text wpcf7-validates-as-tel input-field\" aria-invalid=\"false\" value=\"\" type=\"tel\" name=\"fax\" \/><\/span>\n\t\t\t<\/p>\n\t\t<\/div>\n\t\t<div class=\"form-field\">\n\t\t\t<p><label>Langue pr\u00e9f\u00e9r\u00e9e<\/label><br \/>\n<span class=\"wpcf7-form-control-wrap\" data-name=\"language\"><select class=\"wpcf7-form-control wpcf7-select select-field\" aria-invalid=\"false\" name=\"language\"><option value=\"English\">English<\/option><option value=\"French\">French<\/option><\/select><\/span>\n\t\t\t<\/p>\n\t\t<\/div>\n\t\t<div class=\"form-field\">\n\t\t\t<p><label>Fr\u00e9quence de facturation<\/label><br \/>\n<span class=\"wpcf7-form-control-wrap\" data-name=\"invoice-frequency\"><select class=\"wpcf7-form-control wpcf7-select select-field\" aria-invalid=\"false\" name=\"invoice-frequency\"><option value=\"Monthly\">Monthly<\/option><option value=\"Weekly\">Weekly<\/option><\/select><\/span>\n\t\t\t<\/p>\n\t\t<\/div>\n\t\t<div class=\"form-field full-width checkbox-row\">\n\t\t\t<p><span class=\"wpcf7-form-control-wrap\" data-name=\"terms\"><span class=\"wpcf7-form-control wpcf7-checkbox wpcf7-validates-as-required\"><span class=\"wpcf7-list-item first last\"><label><input type=\"checkbox\" name=\"terms[]\" value=\"I agree with the terms and conditions\" \/><span class=\"wpcf7-list-item-label\">J'accepte les termes et conditions<\/span><\/label><\/span><\/span><\/span>\n\t\t\t<\/p>\n\t\t<\/div>\n\t<\/div>\n\t<div class=\"submit-row\">\n\t\t<p><input class=\"wpcf7-form-control wpcf7-submit has-spinner submit-btn\" type=\"submit\" value=\"\u00c9tape suivante \u2192\" \/>\n\t\t<\/p>\n\t<\/div>\n<\/div><div class=\"wpcf7-response-output\" aria-hidden=\"true\"><\/div>\n<input type=\"hidden\" name=\"trp-form-language\" value=\"fr\"\/><\/form>\n<\/div>\n<\/p>\t\t\t\t\t\t\t\t<\/div>\n\t\t\t\t\t<\/div>\n\t\t\t\t<\/div>\n\t\t\t\t<\/div>","protected":false},"excerpt":{"rendered":"<p>Register for ECTN Now Customers interested in the ECTN services are invited to register by completing the following registration form and agreeing with the terms and conditions. All marked fields&hellip;<\/p>","protected":false},"author":1,"featured_media":0,"parent":0,"menu_order":0,"comment_status":"closed","ping_status":"closed","template":"elementor_header_footer","meta":{"footnotes":""},"class_list":["post-99","page","type-page","status-publish","hentry"],"_links":{"self":[{"href":"https:\/\/vlpectn.com\/fr\/wp-json\/wp\/v2\/pages\/99","targetHints":{"allow":["GET"]}}],"collection":[{"href":"https:\/\/vlpectn.com\/fr\/wp-json\/wp\/v2\/pages"}],"about":[{"href":"https:\/\/vlpectn.com\/fr\/wp-json\/wp\/v2\/types\/page"}],"author":[{"embeddable":true,"href":"https:\/\/vlpectn.com\/fr\/wp-json\/wp\/v2\/users\/1"}],"replies":[{"embeddable":true,"href":"https:\/\/vlpectn.com\/fr\/wp-json\/wp\/v2\/comments?post=99"}],"version-history":[{"count":14,"href":"https:\/\/vlpectn.com\/fr\/wp-json\/wp\/v2\/pages\/99\/revisions"}],"predecessor-version":[{"id":181,"href":"https:\/\/vlpectn.com\/fr\/wp-json\/wp\/v2\/pages\/99\/revisions\/181"}],"wp:attachment":[{"href":"https:\/\/vlpectn.com\/fr\/wp-json\/wp\/v2\/media?parent=99"}],"curies":[{"name":"wp","href":"https:\/\/api.w.org\/{rel}","templated":true}]}}